{"id":2390,"date":"2017-07-27T11:50:32","date_gmt":"2017-07-27T11:50:32","guid":{"rendered":"http:\/\/www.eventi.es\/blog\/?page_id=2390"},"modified":"2020-10-19T11:11:33","modified_gmt":"2020-10-19T11:11:33","slug":"informacion-legal-y-politica-de-privacidad","status":"publish","type":"page","link":"https:\/\/www.eventi.es\/eventos\/informacion-legal-y-politica-de-privacidad\/","title":{"rendered":"Informaci\u00f3n Legal y Pol\u00edtica de Privacidad"},"content":{"rendered":"<div>\n<h2>Informaci\u00f3n Legal y Pol\u00edtica de Privacidad<\/h2>\n<\/div>\n<div class=\"title2\">\n<h4>Titularidad<\/h4>\n<\/div>\n<div class=\"text\">\n<p>En cumplimiento de lo dispuesto en el art\u00edculo 10 de la Ley 34\/2002, de 11 de julio, de Servicios de la Sociedad de la Informaci\u00f3n y de Comercio Electr\u00f3nico, se hace constar que el sitio web eventi.es y el nombre de dominio eventi.es son propiedad de Total Eventi 2015 S.L. (en adelante, EL TITULAR).<br \/>\nTodos los archivos que integran el sitio web se encuentran alojados en los servidores de Galynet, ubicados en el territorio nacional de Espa\u00f1a, cumpliendo as\u00ed la legislaci\u00f3n espa\u00f1ola en materia de Protecci\u00f3n de Datos.<\/p>\n<h4><span style=\"color: #ff0000;\">Informaci\u00f3n espec\u00edfica de tratamientos de datos evento Masterclass de cocteler\u00eda:<\/span><\/h4>\n<p><span style=\"color: #ff0000;\">Los datos recopilados pasar\u00e1n a formar parte de un fichero que se compartir\u00e1 con el Ayuntamiento de Nar\u00f3n, empresa contratante y promotora del evento, y el centro comercial Ode\u00f3n, por ser sede del mismo.<\/span><\/p>\n<p><span style=\"color: #ff0000;\">El objeto del almacenamiento de dichos datos es el siguiente:<\/span><\/p>\n<ol>\n<li><span style=\"color: #ff0000;\">En caso de admitidos a la masterclass: por parte del Ayuntamiento de Nar\u00f3n, para los fines que el mismo considere, por parte del centro comercial Ode\u00f3n y de Eventi, para control de trazabilidad sanitaria en prevenci\u00f3n de contagios por COVID.<\/span><\/li>\n<li><span style=\"color: #ff0000;\">Datos compartidos con el Ayuntamiento de Nar\u00f3n Y Eventi: todos los aportados en la inscripci\u00f3n. Datos compartidos con el centro comercial Ode\u00f3n: todos los aportados en la inscripci\u00f3n, excepto el tel\u00e9fono de contacto.<\/span><\/li>\n<li><span style=\"color: #ff0000;\">En caso de no admitidos: por parte de Eventi se guardar\u00e1n los datos para poder incorporar nuevos asistentes para suplir falta de asistencia de los admitidos.<\/span><\/li>\n<\/ol>\n<p><span style=\"color: #ff0000;\">La duraci\u00f3n del almacenamiento de los datos ser\u00e1 de 15 d\u00edas en el caso el centro comercial Ode\u00f3n y Eventi, y del tiempo que estime necesario el Ayuntamiento de Nar\u00f3n.<\/span><\/p>\n<p><span style=\"color: #ff0000;\">Una vez transcurridos 15 d\u00edas, tanto el centro comercial como Ode\u00f3n eliminar\u00e1n los datos almacenados.<\/span><\/p>\n<p><span style=\"color: #ff0000;\">En el caso de solicitantes no admitidos, los datos ser\u00e1n eliminados finalizado el evento.<\/span><\/p>\n<h3><span style=\"color: #ff0000;\">Informaci\u00f3n <\/span><span style=\"color: #ff0000;\">derechos de imagen espec\u00edfica evento masterclass de cocteler\u00eda<\/span><\/h3>\n<p><span style=\"color: #ff0000;\">Es posible que en este evento se realicen grabaciones o se tomen im\u00e1genes. Al acceder o participar en el mismo otorgas tu consentimiento para ser grabado o<\/span><br \/>\n<span style=\"color: #ff0000;\">fotografiado, as\u00ed como para que dicho material sea exhibido o publicitado en cualquiera de los medios o formatos conocidos o por conocer, de<\/span><br \/>\n<span style=\"color: #ff0000;\">forma perpetua y a nivel mundial.<\/span><\/p>\n<\/div>\n<div class=\"title2\">\n<h4>Aviso de Copyright<\/h4>\n<\/div>\n<div class=\"text\">\n<p>Queda autorizada la reproducci\u00f3n de los contenidos de este web site, siempre que se haga constar la procedencia de los datos empleados. Esta autorizaci\u00f3n no es v\u00e1lida para los logotipos corporativos, ni las im\u00e1genes, para los cuales deber\u00e1 solicitarse autorizaci\u00f3n expresa para su uso y\/o distribuci\u00f3n.<br \/>\nQueda terminantemente prohibida la distribuci\u00f3n y uso de cualquiera de los contenidos del website si han sido modificados por alguno de los medios o programas inform\u00e1ticos disponibles en la actualidad o que puedan aparecer en un futuro. El Titular se reserva el derecho de emprender acciones legales para defender sus derechos de propiedad legal, intelectual e industrial.<\/p>\n<\/div>\n<div class=\"title2\">\n<h4>Cl\u00e1usula de exenci\u00f3n de responsabilidad<\/h4>\n<\/div>\n<div class=\"text\">\n<p>El presente web site, ofrece informaci\u00f3n diversa relacionada con la compa\u00f1\u00eda, sus actividades, as\u00ed como noticias y documentaci\u00f3n.<br \/>\nLos contenidos son meramente informativos y, por tanto, sujetos a modificaci\u00f3n sin previo aviso.<br \/>\nLas im\u00e1genes y archivos de audio contenidas en el website www.eventi.es son propiedad de El Titular, o bien han sido obtenidas de bancos de im\u00e1genes en los que se especificaba estar libres de derechos, o bien sus derechos han sido legalmente adquiridos, o bien ha sido solicitada autorizaci\u00f3n para su inclusi\u00f3n. No obstante, si usted es el leg\u00edtimo propietario de los derechos de alguna de las im\u00e1genes, puede ponerse en contacto con El Titular y acreditar tal titularidad. Verificados los datos, El Titular proceder\u00e1 de inmediato al borrado o sustituci\u00f3n de la imagen objeto de conflicto, sin derecho a m\u00e1s indemnizaci\u00f3n.<br \/>\nEl Titular no asume responsabilidad alguna en relaci\u00f3n con la informaci\u00f3n incluida en estas p\u00e1ginas, puesto que dicha informaci\u00f3n:<\/p>\n<ul>\n<li>Es de car\u00e1cter general.<\/li>\n<li>No ofrece necesariamente informaci\u00f3n exhaustiva, completa, exacta o actualizada.<\/li>\n<li>No tiene valor contractual (excepto la informaci\u00f3n legal y pol\u00edtica de privacidad).<\/li>\n<li>Puede contener enlaces a p\u00e1ginas externas sobre las que El Titular no tiene control alguno y respecto de las cuales declina toda responsabilidad.<\/li>\n<li>El Titular no garantiza que los documentos disponibles en la web reproduzcan exactamente un texto adoptado oficialmente. Tanto en el caso de la legislaci\u00f3n publicada en los respectivos Boletines Oficiales, como en el caso del resto de las normas, resoluciones y sentencias, es el texto oficial impreso correspondiente el que prevalece en caso de divergencia con la versi\u00f3n electr\u00f3nica.<\/li>\n<\/ul>\n<\/div>\n<div class=\"title2\">\n<h4>Pol\u00edtica de Privacidad.<\/h4>\n<\/div>\n<div class=\"text\">\n<p>De acuerdo con lo establecido por la Ley Org\u00e1nica 15\/1999 de 13 de Diciembre, de Protecci\u00f3n de Datos de Car\u00e1cter Personal, le informamos que sus datos ser\u00e1n inclu\u00eddos en un fichero automatizado del que es titular El Titular y podr\u00e1n ser utilizados para la gesti\u00f3n fiscal, contable y administrativa de la relaci\u00f3n contractual.<br \/>\nPodr\u00e1 ejercer su derecho de acceso, rectificaci\u00f3n, cancelaci\u00f3n y oposici\u00f3n al tratamiento de sus datos personales, en los t\u00e9rminos y en las condiciones previstos en la LOPD, dirigi\u00e9ndose por escrito a El Titular a trav\u00e9s de la direcci\u00f3n de contacto facilitada en la web.<br \/>\nEl hecho de que no introduzca los datos de car\u00e1cter personal que se le piden obligatoriamente en el formulario de contacto podr\u00e1 tener como consecuencia que El Titular no pueda atender su solicitud.<br \/>\nAs\u00edmismo, aceptando este aviso legal, reconoce que la informaci\u00f3n y los datos personales que se recogen son exactos y ver\u00eddicos.<\/p>\n<p>Igualmente le informamos que El Titular tiene implantadas las medidas t\u00e9cnicas y organizativas necesarias para garantizar la seguridad de sus datos de car\u00e1cter personal y evitar su alteraci\u00f3n, la p\u00e9rdida y el tratamiento y\/o el acceso no autorizado, teniendo en cuenta el estado de la tecnolog\u00eda, la naturaleza de los datos almacenados y los riesgos provenientes de la acci\u00f3n humana o del medio f\u00edsico y natural a que est\u00e1n expuestas. todo esto, de acuerdo con lo que prev\u00e9 el art\u00edculo 9 de la LOPD y el Real Decreto 1720\/2007, de 21 de Diciembre, por el cual se aprueba el Reglamento de Medidas de seguridad de los ficheros automatizados que contengan datos de car\u00e1cter personal.<br \/>\nEl Titular se compromete a tratar de manera absolutamente confidencial sus datos de car\u00e1cter personal y hacerlos servir s\u00f3lo para las finalidades indicadas.<\/p>\n<\/div>\n<div class=\"title2\">\n<h4>Pol\u00edtica de Cookies.<\/h4>\n<\/div>\n<div class=\"text\">\n<h5>Definici\u00f3n y funci\u00f3n de las cookies<\/h5>\n<p>Una cookie es un fichero que se descarga en su ordenador al acceder a determinadas p\u00e1ginas web. Las cookies permiten a una p\u00e1gina web, entre otras cosas, almacenar y recuperar informaci\u00f3n sobre los h\u00e1bitos de navegaci\u00f3n de un usuario o de su equipo y, dependiendo de la informaci\u00f3n que contengan y de la forma en que utilice su equipo, pueden utilizarse para reconocer al usuario.<\/p>\n<h5>\u00bfQu\u00e9 tipos de cookies utiliza esta p\u00e1gina web?<\/h5>\n<ul>\n<li>Cookies propias: Son aqu\u00e9llas que se env\u00edan al equipo terminal del usuario desde un equipo o dominio gestionado por el propio editor y desde el que se presta el servicio solicitado por el usuario.<\/li>\n<li>Cookies de terceros: Son aqu\u00e9llas que se env\u00edan al equipo terminal del usuario desde un equipo o dominio que no es gestionado por el editor, sino por otra entidad que trata los datos obtenidos trav\u00e9s de las cookies.<\/li>\n<li>Cookies de sesi\u00f3n: Son un tipo de cookies dise\u00f1adas para recabar y almacenar datos mientras el usuario accede a una p\u00e1gina web.<\/li>\n<li>Cookies persistentes: Son un tipo de cookies en el que los datos siguen almacenados en el terminal y pueden ser accedidos y tratados durante un periodo definido por el responsable de la cookie, y que puede ir de unos minutos a varios a\u00f1os.<\/li>\n<li>Cookies de an\u00e1lisis: Son aqu\u00e9llas que bien tratadas por nosotros o por terceros, nos permiten cuantificar el n\u00famero de usuarios y as\u00ed realizar la medici\u00f3n y an\u00e1lisis estad\u00edstico de la utilizaci\u00f3n que hacen los usuarios del servicio ofertado.<br \/>\nPara ello se analiza su navegaci\u00f3n en nuestra p\u00e1gina web con el fin de mejorar la oferta de productos o servicios que le ofrecemos.<\/li>\n<li>Cookies publicitarias: Son aqu\u00e9llas que permiten la gesti\u00f3n, de la forma m\u00e1s eficaz posible, de los espacios publicitarios que, en su caso, el editor haya incluido en una p\u00e1gina web, aplicaci\u00f3n o plataforma desde la que presta el servicio olicitado en base a criterios como el contenido editado o la frecuencia en la que se muestran los anuncios.<\/li>\n<li>Cookies de publicidad comportamental: Son aqu\u00e9llas que permiten la gesti\u00f3n, de la forma m\u00e1s eficaz posible, de los espacios publicitarios que, en su caso, el editor haya incluido en una p\u00e1gina web, aplicaci\u00f3n o plataforma desde la que presta el servicio solicitado. Estas cookies almacenan informaci\u00f3n del comportamiento de los usuarios obtenida a trav\u00e9s de la observaci\u00f3n continuada de sus h\u00e1bitos de navegaci\u00f3n,<br \/>\nlo que permite desarrollar un perfil espec\u00edfico para mostrar publicidad en funci\u00f3n del mismo.<br \/>\nAsimismo es posible que al visitar alguna pagina web o al abrir alg\u00fan email donde se publique alg\u00fan anuncio o alguna promoci\u00f3n sobre nuestros productos o servicios se instale en tu navegador alguna cookie que nos sirve para mostrarte posteriormente publicidad relacionada con la b\u00fasqueda que hayas realizado, desarrollar un control de nuestros anuncios en relaci\u00f3n, por ejemplo, con el numero de veces que son vistos, donde aparecen, a que hora se ven, etc<\/li>\n<\/ul>\n<h5>Revocaci\u00f3n y eliminaci\u00f3n de cookies<\/h5>\n<p>Usted puede permitir, bloquear o eliminar las cookies instaladas en su equipo mediante la configuraci\u00f3n de las opciones del navegador instalado en su ordenador, en caso que no permita la instalaci\u00f3n de cookies en su navegador es posible que no pueda acceder a alguno de los contenidos de nuestra web.<\/p>\n<h5>Relaci\u00f3n de cookies utilizadas<\/h5>\n<p>Eventi utiliza Google Analytics, un servicio de anal\u00edtica web prestado por Google, Inc., una compa\u00f1\u00eda de Delaware cuya oficina principal est\u00e1 en 1600 Amphitheatre Parkway, Mountain View (California), CA 94043, Estados Unidos (\u00abGoogle\u00bb).<br \/>\nGoogle Analytics se sirve de las \u00abcookies\u00bb para ayudar a Eventi a analizar el uso que hacen los usuarios de su sitio web.<br \/>\nEn concreto, las cookies son las siguientes:<\/p>\n<ul>\n<li>_utma<\/li>\n<li>_utmb<\/li>\n<li>_utmc<\/li>\n<li>_utmz<\/li>\n<\/ul>\n<\/div>\n","protected":false},"excerpt":{"rendered":"<p>Informaci\u00f3n Legal y Pol\u00edtica de Privacidad Titularidad En cumplimiento de lo dispuesto en el art\u00edculo 10 de la Ley 34\/2002, de 11 de julio, de Servicios de la Sociedad de la Informaci\u00f3n y de Comercio Electr\u00f3nico, se hace constar que el sitio web eventi.es y el nombre de dominio eventi.es son propiedad de Total Eventi 2015 S.L. (en adelante, EL TITULAR). Todos los archivos que integran el sitio web se encuentran alojados en los servidores de Galynet, ubicados en el territorio nacional de Espa\u00f1a, cumpliendo as\u00ed la legislaci\u00f3n espa\u00f1ola en materia de Protecci\u00f3n de Datos. Informaci\u00f3n espec\u00edfica de tratamientos de datos evento Masterclass de cocteler\u00eda: Los datos recopilados pasar\u00e1n a formar parte de un fichero que se compartir\u00e1 con el Ayuntamiento de Nar\u00f3n, empresa contratante y promotora del evento, y el centro comercial Ode\u00f3n, por ser sede del mismo. El objeto del almacenamiento de dichos datos es el siguiente: En caso de admitidos a la masterclass: por parte del Ayuntamiento de Nar\u00f3n, para los fines que el mismo considere, por parte del centro comercial Ode\u00f3n y de Eventi, para control de trazabilidad sanitaria en prevenci\u00f3n de contagios por COVID. Datos compartidos con el Ayuntamiento de Nar\u00f3n Y Eventi: todos los aportados en la inscripci\u00f3n. Datos compartidos con el centro comercial Ode\u00f3n: todos los aportados en la inscripci\u00f3n, excepto el tel\u00e9fono de contacto. En caso de no admitidos: por parte de Eventi se guardar\u00e1n los datos para poder incorporar nuevos asistentes para suplir falta de asistencia de los admitidos. La duraci\u00f3n del almacenamiento de los datos ser\u00e1 de 15 d\u00edas en el caso el centro comercial Ode\u00f3n y Eventi, y del tiempo que estime necesario el Ayuntamiento de Nar\u00f3n. Una vez transcurridos 15 d\u00edas, tanto el centro comercial como Ode\u00f3n eliminar\u00e1n los datos almacenados. En el caso de solicitantes no admitidos, los datos ser\u00e1n eliminados finalizado el evento. Informaci\u00f3n derechos de imagen espec\u00edfica evento masterclass de cocteler\u00eda Es posible que en este evento se realicen grabaciones o se tomen im\u00e1genes. Al acceder o participar en el mismo otorgas tu consentimiento para ser grabado o fotografiado, as\u00ed como para que dicho material sea exhibido o publicitado en cualquiera de los medios o formatos conocidos o por conocer, de forma perpetua y a nivel mundial. Aviso de Copyright Queda autorizada la reproducci\u00f3n de los contenidos de este web site, siempre que se haga constar la procedencia de los datos empleados. Esta autorizaci\u00f3n no es v\u00e1lida para los logotipos corporativos, ni las im\u00e1genes, para los cuales deber\u00e1 solicitarse autorizaci\u00f3n expresa para su uso y\/o distribuci\u00f3n. Queda terminantemente prohibida la distribuci\u00f3n y uso de cualquiera de los contenidos del website si han sido modificados por alguno de los medios o programas inform\u00e1ticos disponibles en la actualidad o que puedan aparecer en un futuro. El Titular se reserva el derecho de emprender acciones legales para defender sus derechos de propiedad legal, intelectual e industrial. Cl\u00e1usula de exenci\u00f3n de responsabilidad El presente web site, ofrece informaci\u00f3n diversa relacionada con la compa\u00f1\u00eda, sus actividades, as\u00ed como noticias y&#8230;<\/p>\n","protected":false},"author":1,"featured_media":0,"parent":0,"menu_order":0,"comment_status":"closed","ping_status":"closed","template":"","meta":{"_themeisle_gutenberg_block_has_review":false,"footnotes":""},"class_list":["post-2390","page","type-page","status-publish","hentry"],"_links":{"self":[{"href":"https:\/\/www.eventi.es\/eventos\/wp-json\/wp\/v2\/pages\/2390","targetHints":{"allow":["GET"]}}],"collection":[{"href":"https:\/\/www.eventi.es\/eventos\/wp-json\/wp\/v2\/pages"}],"about":[{"href":"https:\/\/www.eventi.es\/eventos\/wp-json\/wp\/v2\/types\/page"}],"author":[{"embeddable":true,"href":"https:\/\/www.eventi.es\/eventos\/wp-json\/wp\/v2\/users\/1"}],"replies":[{"embeddable":true,"href":"https:\/\/www.eventi.es\/eventos\/wp-json\/wp\/v2\/comments?post=2390"}],"version-history":[{"count":4,"href":"https:\/\/www.eventi.es\/eventos\/wp-json\/wp\/v2\/pages\/2390\/revisions"}],"predecessor-version":[{"id":3497,"href":"https:\/\/www.eventi.es\/eventos\/wp-json\/wp\/v2\/pages\/2390\/revisions\/3497"}],"wp:attachment":[{"href":"https:\/\/www.eventi.es\/eventos\/wp-json\/wp\/v2\/media?parent=2390"}],"curies":[{"name":"wp","href":"https:\/\/api.w.org\/{rel}","templated":true}]}}