{"id":4717,"date":"2022-06-21T15:51:54","date_gmt":"2022-06-21T15:51:54","guid":{"rendered":"https:\/\/www.eventi.es\/eventos\/?page_id=4717"},"modified":"2023-08-11T07:16:03","modified_gmt":"2023-08-11T07:16:03","slug":"reserva-de-praza-para-o-bus-lanzadeira-que-vai-por-a-capela-para-a-noite-no-mosteiro-de-caaveiro","status":"publish","type":"page","link":"https:\/\/www.eventi.es\/eventos\/reserva-de-praza-para-o-bus-lanzadeira-que-vai-por-a-capela-para-a-noite-no-mosteiro-de-caaveiro\/","title":{"rendered":"Reserva de praza para o bus lanzadeira que vai por A Capela para a Noite no Mosteiro de Caaveiro"},"content":{"rendered":"\n<div class=\"alert alert-primary\" role=\"alert\">\n<h4 class=\"alert-heading\">MOI IMPORTANTE!<\/h4>\n<p><img decoding=\"async\" class=\"size-medium wp-image-6366 alignleft\" src=\"https:\/\/concellodacapela.es\/wp-content\/uploads\/2022\/06\/sendeiro-225x300.jpg\" alt=\"sendero por las fragas del Eume\">Nin o Concello da Capela, organizador do evento, nin EVENTI, creador do mesmo, te\u00f1en competencias nin responsabilidade sobre os accesos ao mosteiro de Caaveiro pola marxe esquerda do r\u00edo Eume (Pontedeume ou Monfero).<\/p>\n<hr>\n<p class=\"mb-0\">Como cortes\u00eda aos asistentes, o Concello da Capela ofrecer\u00e1 servizo gratuito de autob\u00fas <b>por A Capela<\/b>. O traslado farase dende o Concello ata a entrada do denominado Cami\u00f1o Novo, e retorno. O bus sair\u00e1 do Concello \u00e1s 20:00 h. Para o regreso, sairase <b>do mosteiro de Caaveiro<\/b> \u00e1s 24:00 h acompa\u00f1ados de persoal da organizaci\u00f3n. <strong>\u00c9 imprescindible reservar praza e amosar a reserva ao conductor tanto \u00e1 ida como \u00e1 volta.<\/strong><br>Dende a entrada do cami\u00f1o novo, o resto do traxecto deber\u00e1 facerse a pe. \u00c9 un treito dun 3 kms por cami\u00f1o de zahorra, e aproximadamente 200 metros finais por sendeiro como o da imaxe, con subidas e baixadas. <strong>Recomendamos levar calzado e roupa apropiados para cami\u00f1ar por sendeiro de monte, e levar lanterna para o regreso.<\/strong><\/p>\n<\/div>\n\n\n\n<hr class=\"wp-block-separator has-css-opacity\"\/>\n\n\n\n<h3 class=\"wp-block-heading\">Formulario de reserva:<\/h3>\n\n\n\n<figure class=\"wp-block-pullquote has-white-color has-black-background-color has-text-color has-background\"><blockquote><p><strong>RESERVAS PECHADAS<\/strong><\/p><cite>PRAZAS COMPLETADAS<\/cite><\/blockquote><\/figure>\n","protected":false},"excerpt":{"rendered":"<p>MOI IMPORTANTE! Nin o Concello da Capela, organizador do evento, nin EVENTI, creador do mesmo, te\u00f1en competencias nin responsabilidade sobre os accesos ao mosteiro de Caaveiro pola marxe esquerda do r\u00edo Eume (Pontedeume ou Monfero). Como cortes\u00eda aos asistentes, o Concello da Capela ofrecer\u00e1 servizo gratuito de autob\u00fas por A Capela. O traslado farase dende o Concello ata a entrada do denominado Cami\u00f1o Novo, e retorno. O bus sair\u00e1 do Concello \u00e1s 20:00 h. Para o regreso, sairase do mosteiro de Caaveiro \u00e1s 24:00 h acompa\u00f1ados de persoal da organizaci\u00f3n. \u00c9 imprescindible reservar praza e amosar a reserva ao conductor tanto \u00e1 ida como \u00e1 volta.Dende a entrada do cami\u00f1o novo, o resto do traxecto deber\u00e1 facerse a pe. \u00c9 un treito dun 3 kms por cami\u00f1o de zahorra, e aproximadamente 200 metros finais por sendeiro como o da imaxe, con subidas e baixadas. Recomendamos levar calzado e roupa apropiados para cami\u00f1ar por sendeiro de monte, e levar lanterna para o regreso. Formulario de reserva: RESERVAS PECHADAS PRAZAS COMPLETADAS<\/p>\n","protected":false},"author":1,"featured_media":0,"parent":0,"menu_order":0,"comment_status":"closed","ping_status":"closed","template":"","meta":{"_themeisle_gutenberg_block_has_review":false,"footnotes":""},"class_list":["post-4717","page","type-page","status-publish","hentry"],"_links":{"self":[{"href":"https:\/\/www.eventi.es\/eventos\/wp-json\/wp\/v2\/pages\/4717","targetHints":{"allow":["GET"]}}],"collection":[{"href":"https:\/\/www.eventi.es\/eventos\/wp-json\/wp\/v2\/pages"}],"about":[{"href":"https:\/\/www.eventi.es\/eventos\/wp-json\/wp\/v2\/types\/page"}],"author":[{"embeddable":true,"href":"https:\/\/www.eventi.es\/eventos\/wp-json\/wp\/v2\/users\/1"}],"replies":[{"embeddable":true,"href":"https:\/\/www.eventi.es\/eventos\/wp-json\/wp\/v2\/comments?post=4717"}],"version-history":[{"count":14,"href":"https:\/\/www.eventi.es\/eventos\/wp-json\/wp\/v2\/pages\/4717\/revisions"}],"predecessor-version":[{"id":5220,"href":"https:\/\/www.eventi.es\/eventos\/wp-json\/wp\/v2\/pages\/4717\/revisions\/5220"}],"wp:attachment":[{"href":"https:\/\/www.eventi.es\/eventos\/wp-json\/wp\/v2\/media?parent=4717"}],"curies":[{"name":"wp","href":"https:\/\/api.w.org\/{rel}","templated":true}]}}