{"id":4971,"date":"2022-11-09T12:28:37","date_gmt":"2022-11-09T12:28:37","guid":{"rendered":"https:\/\/www.eventi.es\/eventos\/?page_id=4971"},"modified":"2022-11-09T12:29:33","modified_gmt":"2022-11-09T12:29:33","slug":"solicitud-de-puesto-en-la-feira-do-mel-de-montana-de-muras-2022","status":"publish","type":"page","link":"https:\/\/www.eventi.es\/eventos\/solicitud-de-puesto-en-la-feira-do-mel-de-montana-de-muras-2022\/","title":{"rendered":"Solicitud de puesto en la Feira do Mel de Monta\u00f1a de Muras 2022"},"content":{"rendered":"\n<p>\u00bfEres productor?\u00bfQuieres participar en esta feria como expositor y dar a conocer tus productos?. Cuando recibamos tu solicitud, y la documentaci\u00f3n necesaria, la analizaremos y te daremos respuesta.<\/p>\n\n\n\n<div class=\"wp-block-contact-form-7-contact-form-selector\">\n<div class=\"wpcf7 no-js\" id=\"wpcf7-f4266-o1\" lang=\"es-ES\" dir=\"ltr\" data-wpcf7-id=\"4266\">\n<div class=\"screen-reader-response\"><p role=\"status\" aria-live=\"polite\" aria-atomic=\"true\"><\/p> <ul><\/ul><\/div>\n<form action=\"\/eventos\/wp-json\/wp\/v2\/pages\/4971#wpcf7-f4266-o1\" method=\"post\" class=\"wpcf7-form init\" aria-label=\"Formulario de contacto\" enctype=\"multipart\/form-data\" novalidate=\"novalidate\" data-status=\"init\">\n<fieldset class=\"hidden-fields-container\"><input type=\"hidden\" name=\"_wpcf7\" value=\"4266\" \/><input type=\"hidden\" name=\"_wpcf7_version\" value=\"6.1.5\" \/><input type=\"hidden\" name=\"_wpcf7_locale\" value=\"es_ES\" \/><input type=\"hidden\" name=\"_wpcf7_unit_tag\" value=\"wpcf7-f4266-o1\" \/><input type=\"hidden\" name=\"_wpcf7_container_post\" value=\"0\" \/><input type=\"hidden\" name=\"_wpcf7_posted_data_hash\" value=\"\" \/>\n<\/fieldset>\n<p><label> Raz\u00f3n Social<br \/>\n<span class=\"wpcf7-form-control-wrap\" data-name=\"razonsocial\"><input size=\"40\" maxlength=\"400\" class=\"wpcf7-form-control wpcf7-text wpcf7-validates-as-required\" aria-required=\"true\" aria-invalid=\"false\" value=\"\" type=\"text\" name=\"razonsocial\" \/><\/span> <\/label>\n<\/p>\n<p><label> Persona de contacto<br \/>\n<span class=\"wpcf7-form-control-wrap\" data-name=\"personadecontacto\"><input size=\"40\" maxlength=\"400\" class=\"wpcf7-form-control wpcf7-text wpcf7-validates-as-required\" aria-required=\"true\" aria-invalid=\"false\" value=\"\" type=\"text\" name=\"personadecontacto\" \/><\/span> <\/label>\n<\/p>\n<p><label> Direcci\u00f3n Completa<br \/>\n<span class=\"wpcf7-form-control-wrap\" data-name=\"direccioncompleta\"><input size=\"40\" maxlength=\"400\" class=\"wpcf7-form-control wpcf7-text wpcf7-validates-as-required\" aria-required=\"true\" aria-invalid=\"false\" value=\"\" type=\"text\" name=\"direccioncompleta\" \/><\/span> <\/label>\n<\/p>\n<p><label> DNI\/CIF<br \/>\n<span class=\"wpcf7-form-control-wrap\" data-name=\"dnicif\"><input size=\"40\" maxlength=\"400\" class=\"wpcf7-form-control wpcf7-text wpcf7-validates-as-required\" aria-required=\"true\" aria-invalid=\"false\" value=\"\" type=\"text\" name=\"dnicif\" \/><\/span> <\/label>\n<\/p>\n<p><label> Tu correo electr\u00f3nico<br \/>\n<span class=\"wpcf7-form-control-wrap\" data-name=\"email\"><input size=\"40\" maxlength=\"400\" class=\"wpcf7-form-control wpcf7-email wpcf7-validates-as-required wpcf7-text wpcf7-validates-as-email\" aria-required=\"true\" aria-invalid=\"false\" value=\"\" type=\"email\" name=\"email\" \/><\/span> <\/label>\n<\/p>\n<p><label> Tlf de contacto<br \/>\n<span class=\"wpcf7-form-control-wrap\" data-name=\"tlf\"><input size=\"40\" maxlength=\"400\" class=\"wpcf7-form-control wpcf7-text wpcf7-validates-as-required\" aria-required=\"true\" aria-invalid=\"false\" value=\"\" type=\"text\" name=\"tlf\" \/><\/span> <\/label>\n<\/p>\n<p><label> Tem\u00e1tica y contenido del puesto<br \/>\n<span class=\"wpcf7-form-control-wrap\" data-name=\"puesto\"><input size=\"40\" maxlength=\"400\" class=\"wpcf7-form-control wpcf7-text wpcf7-validates-as-required\" aria-required=\"true\" aria-invalid=\"false\" value=\"\" type=\"text\" name=\"puesto\" \/><\/span> <\/label>\n<\/p>\n<p><label> N\u00famero de R.E.A.G.A.<br \/>\n<span class=\"wpcf7-form-control-wrap\" data-name=\"REAGA\"><input size=\"40\" maxlength=\"400\" class=\"wpcf7-form-control wpcf7-text\" aria-invalid=\"false\" value=\"\" type=\"text\" name=\"REAGA\" \/><\/span> <\/label>\n<\/p>\n<p><label> Metros de frente necesarios (m\u00e1x 6 mtrs. El fondo ser\u00e1 de 3 mtrs aprox.)<br \/>\n<span class=\"wpcf7-form-control-wrap\" data-name=\"metrosdefrente\"><input size=\"40\" maxlength=\"400\" class=\"wpcf7-form-control wpcf7-text wpcf7-validates-as-required\" aria-required=\"true\" aria-invalid=\"false\" value=\"\" type=\"text\" name=\"metrosdefrente\" \/><\/span> <\/label>\n<\/p>\n<p>Aporta la documentaci\u00f3n necesaria seg\u00fan los requisitos del Reglamento (justificante REAGA, alta en aut\u00f3nomos o en Hacienda, certificado de seguro de RC...)<br \/>\n<span class=\"wpcf7-form-control-wrap\" data-name=\"adjunto1\"><input size=\"40\" class=\"wpcf7-form-control wpcf7-file\" accept=\".pdf,.jpg,.gif\" aria-invalid=\"false\" type=\"file\" name=\"adjunto1\" \/><\/span><br \/>\n<span class=\"wpcf7-form-control-wrap\" data-name=\"adjunto2\"><input size=\"40\" class=\"wpcf7-form-control wpcf7-file\" accept=\".pdf,.jpg,.gif\" aria-invalid=\"false\" type=\"file\" name=\"adjunto2\" \/><\/span><br \/>\n<span class=\"wpcf7-form-control-wrap\" data-name=\"adjunto3\"><input size=\"40\" class=\"wpcf7-form-control wpcf7-file\" accept=\".pdf,.jpg,.gif\" aria-invalid=\"false\" type=\"file\" name=\"adjunto3\" \/><\/span><br \/>\n<span class=\"wpcf7-form-control-wrap\" data-name=\"adjunto4\"><input size=\"40\" class=\"wpcf7-form-control wpcf7-file\" accept=\".pdf,.jpg,.gif\" aria-invalid=\"false\" type=\"file\" name=\"adjunto4\" \/><\/span>\n<\/p>\n<p><span class=\"wpcf7-form-control-wrap\" data-name=\"acceptance-455\"><span class=\"wpcf7-form-control wpcf7-acceptance\"><span class=\"wpcf7-list-item\"><label><input type=\"checkbox\" name=\"acceptance-455\" value=\"1\" aria-invalid=\"false\" \/><span class=\"wpcf7-list-item-label\">La participaci\u00f3n en este evento requiere la aceptaci\u00f3n previa por parte de Eventi. Esta solicitud debe ser enviada antes del 14 de noviembre, aportando la documentaci\u00f3n requerida. Deber\u00e1 aportar la siguiente documentaci\u00f3n: justificante de registro en el REAGA, copia seguro de responsabilidad civil o en su defecto declaraci\u00f3n responsable (solic\u00edtenosla). El solicitante manifiesta estar al d\u00eda de cuantas normativas le sean aplicables, especialmente en lo referente a obligaciones laborales, sanitarias y tributarias, eximiendo a la organizaci\u00f3n de tal responsabilidad, y asumiendo para s\u00ed las responsabilidades subsidiarias en las que por estas obligaciones se vea afectada la Organizaci\u00f3n. El solicitante autoriza a la Organizaci\u00f3n a divulgar im\u00e1genes del puesto y del personal del mismo, a efectos de difusi\u00f3n y promoci\u00f3n del evento. El solicitante manifiesta conocer y aceptar estas disposiciones, as\u00ed como el Reglamento de Participaci\u00f3n<\/span><\/label><\/span><\/span><\/span>\n<\/p>\n<p><input class=\"wpcf7-form-control wpcf7-submit has-spinner\" type=\"submit\" value=\"Enviar\" \/>\n<\/p><p style=\"display: none !important;\" class=\"akismet-fields-container\" data-prefix=\"_wpcf7_ak_\"><label>&#916;<textarea name=\"_wpcf7_ak_hp_textarea\" cols=\"45\" rows=\"8\" maxlength=\"100\"><\/textarea><\/label><input type=\"hidden\" id=\"ak_js_1\" name=\"_wpcf7_ak_js\" value=\"184\"\/><script>document.getElementById( \"ak_js_1\" ).setAttribute( \"value\", ( new Date() ).getTime() );<\/script><\/p><div class=\"wpcf7-response-output\" aria-hidden=\"true\"><\/div>\n<\/form>\n<\/div>\n<\/div>\n","protected":false},"excerpt":{"rendered":"<p>\u00bfEres productor?\u00bfQuieres participar en esta feria como expositor y dar a conocer tus productos?. Cuando recibamos tu solicitud, y la documentaci\u00f3n necesaria, la analizaremos y te daremos respuesta.<\/p>\n","protected":false},"author":1,"featured_media":0,"parent":0,"menu_order":0,"comment_status":"closed","ping_status":"closed","template":"","meta":{"_themeisle_gutenberg_block_has_review":false,"footnotes":""},"class_list":["post-4971","page","type-page","status-publish","hentry"],"_links":{"self":[{"href":"https:\/\/www.eventi.es\/eventos\/wp-json\/wp\/v2\/pages\/4971","targetHints":{"allow":["GET"]}}],"collection":[{"href":"https:\/\/www.eventi.es\/eventos\/wp-json\/wp\/v2\/pages"}],"about":[{"href":"https:\/\/www.eventi.es\/eventos\/wp-json\/wp\/v2\/types\/page"}],"author":[{"embeddable":true,"href":"https:\/\/www.eventi.es\/eventos\/wp-json\/wp\/v2\/users\/1"}],"replies":[{"embeddable":true,"href":"https:\/\/www.eventi.es\/eventos\/wp-json\/wp\/v2\/comments?post=4971"}],"version-history":[{"count":3,"href":"https:\/\/www.eventi.es\/eventos\/wp-json\/wp\/v2\/pages\/4971\/revisions"}],"predecessor-version":[{"id":4974,"href":"https:\/\/www.eventi.es\/eventos\/wp-json\/wp\/v2\/pages\/4971\/revisions\/4974"}],"wp:attachment":[{"href":"https:\/\/www.eventi.es\/eventos\/wp-json\/wp\/v2\/media?parent=4971"}],"curies":[{"name":"wp","href":"https:\/\/api.w.org\/{rel}","templated":true}]}}